{"id":121,"date":"2023-02-17T17:23:47","date_gmt":"2023-02-17T16:23:47","guid":{"rendered":"https:\/\/www.sydere.polito.it\/?page_id=121"},"modified":"2025-02-18T16:32:16","modified_gmt":"2025-02-18T15:32:16","slug":"sydere-heritage","status":"publish","type":"page","link":"https:\/\/sydere.polito.it\/it\/sydere-heritage\/","title":{"rendered":"Sydere Heritage"},"content":{"rendered":"<p>[et_pb_section fb_built=&#8221;1&#8243; specialty=&#8221;on&#8221; admin_label=&#8221;Header&#8221; _builder_version=&#8221;4.20.0&#8243; use_background_color_gradient=&#8221;on&#8221; background_color_gradient_direction=&#8221;90deg&#8221; background_color_gradient_stops=&#8221;rgba(0,0,0,0) 64%|#ff7701 64%&#8221; background_color_gradient_start=&#8221;rgba(0,0,0,0)&#8221; background_color_gradient_start_position=&#8221;64%&#8221; background_color_gradient_end=&#8221;#4a00d8&#8243; background_color_gradient_end_position=&#8221;0%&#8221; custom_padding=&#8221;8vw||||false|false&#8221; background_last_edited=&#8221;on|tablet&#8221; background_color_gradient_direction_tablet=&#8221;-180deg&#8221; locked=&#8221;off&#8221; global_colors_info=&#8221;{}&#8221; da_is_popup=&#8221;off&#8221; da_exit_intent=&#8221;off&#8221; da_has_close=&#8221;on&#8221; da_alt_close=&#8221;off&#8221; da_dark_close=&#8221;off&#8221; da_not_modal=&#8221;on&#8221; da_is_singular=&#8221;off&#8221; da_with_loader=&#8221;off&#8221; da_has_shadow=&#8221;on&#8221; da_disable_devices=&#8221;off|off|off&#8221;][et_pb_column type=&#8221;1_2&#8243; _builder_version=&#8221;4.16&#8243; custom_padding=&#8221;|||&#8221; global_colors_info=&#8221;{}&#8221; custom_padding__hover=&#8221;|||&#8221;][et_pb_text _builder_version=&#8221;4.20.0&#8243; header_2_font=&#8221;Roboto Condensed|700||on|||||&#8221; header_2_font_size=&#8221;12px&#8221; header_2_letter_spacing=&#8221;3px&#8221; custom_margin=&#8221;||10px||false|false&#8221; animation_style=&#8221;fade&#8221; locked=&#8221;off&#8221; global_colors_info=&#8221;{}&#8221;]<\/p>\n<h2><span style=\"color: #000000\">- LABORATORIO<\/span><\/h2>\n<p>[\/et_pb_text][et_pb_text _builder_version=&#8221;4.20.0&#8243; header_font=&#8221;Roboto Condensed|700||on|||||&#8221; header_text_color=&#8221;#ff7701&#8243; header_font_size=&#8221;80px&#8221; header_line_height=&#8221;1.1em&#8221; animation_style=&#8221;fade&#8221; animation_duration=&#8221;1100ms&#8221; header_font_size_tablet=&#8221;60px&#8221; header_font_size_phone=&#8221;40px&#8221; header_font_size_last_edited=&#8221;on|desktop&#8221; locked=&#8221;off&#8221; global_colors_info=&#8221;{}&#8221;]<\/p>\n<h1>SYDERE heritage<\/h1>\n<p>[\/et_pb_text][et_pb_text _builder_version=&#8221;4.20.4&#8243; text_font=&#8221;Poppins||||||||&#8221; text_text_color=&#8221;#000000&#8243; text_font_size=&#8221;15px&#8221; text_line_height=&#8221;1.5em&#8221; animation_style=&#8221;fade&#8221; animation_duration=&#8221;1100ms&#8221; hover_enabled=&#8221;0&#8243; text_font_size_tablet=&#8221;15px&#8221; text_font_size_phone=&#8221;14px&#8221; text_font_size_last_edited=&#8221;on|phone&#8221; locked=&#8221;off&#8221; global_colors_info=&#8221;{}&#8221; sticky_enabled=&#8221;0&#8243;]<\/p>\n<p>\u00c8 un ramo del Sydere Center che affronta in modo innovativo e sistemico gli aspetti del design for cultural heritage. A partire dal bene considerato e dal territorio attua strategie di valorizzazione e coinvolgendo gli attori locali. Il laboratorio, analizza il ruolo crescente delle tecnologie come blockchain e dell\u2019intelligenza artificiale (IA) nei processi archivistici digitali d\u2019impresa. Queste tecnologie non solo migliorano la sicurezza e l'affidabilit\u00e0 delle informazioni, ma hanno lo scopo di rendere gli archivi pi\u00f9 accessibili, superando barriere geografiche, economiche e sociali in linea con l'obiettivo SDG 4 dell\u2019agenda 2030. Tra le collaborazioni vi \u00e8 Studio Oliviero Toscani, Cantieri Riva, Archivio Olivetti e Carioca.<\/p>\n<p>[\/et_pb_text][et_pb_button button_text=&#8221;Start a Project&#8221; button_alignment=&#8221;left&#8221; module_id=&#8221;#contacts2&#8243; _builder_version=&#8221;4.20.4&#8243; custom_button=&#8221;on&#8221; button_text_size=&#8221;14px&#8221; button_text_color=&#8221;#ffffff&#8221; button_bg_color=&#8221;#000000&#8243; button_border_width=&#8221;0px&#8221; button_border_radius=&#8221;0px&#8221; button_letter_spacing=&#8221;2px&#8221; button_font=&#8221;Roboto Condensed|700||on|||||&#8221; button_icon=&#8221;&#x24;||divi||400&#8243; button_on_hover=&#8221;off&#8221; custom_padding=&#8221;16px|36px|16px|22px|true|false&#8221; animation_style=&#8221;fade&#8221; animation_duration=&#8221;1150ms&#8221; locked=&#8221;off&#8221; global_colors_info=&#8221;{}&#8221; custom_padding__hover=&#8221;|40px||26px|true|false&#8221; custom_padding__hover_enabled=&#8221;on|hover&#8221;][\/et_pb_button][\/et_pb_column][et_pb_column type=&#8221;1_2&#8243; specialty_columns=&#8221;2&#8243; _builder_version=&#8221;4.16&#8243; custom_padding=&#8221;|||&#8221; global_colors_info=&#8221;{}&#8221; custom_padding__hover=&#8221;|||&#8221;][et_pb_row_inner _builder_version=&#8221;4.20.0&#8243; background_color=&#8221;#ffffff&#8221; custom_padding=&#8221;0px||0px||true|false&#8221; animation_style=&#8221;flip&#8221; animation_duration=&#8221;1050ms&#8221; box_shadow_style=&#8221;preset4&#8243; box_shadow_horizontal=&#8221;-110px&#8221; box_shadow_vertical=&#8221;-16vw&#8221; box_shadow_spread=&#8221;-80px&#8221; box_shadow_color=&#8221;#ffc001&#8243; box_shadow_horizontal_tablet=&#8221;-180px&#8221; box_shadow_horizontal_phone=&#8221;&#8221; box_shadow_horizontal_last_edited=&#8221;on|phone&#8221; box_shadow_vertical_tablet=&#8221;-30px&#8221; box_shadow_vertical_phone=&#8221;&#8221; box_shadow_vertical_last_edited=&#8221;on|tablet&#8221; global_colors_info=&#8221;{}&#8221;][et_pb_column_inner saved_specialty_column_type=&#8221;1_2&#8243; _builder_version=&#8221;4.16&#8243; box_shadow_style=&#8221;preset3&#8243; box_shadow_vertical=&#8221;64px&#8221; box_shadow_blur=&#8221;80px&#8221; box_shadow_spread=&#8221;-24px&#8221; box_shadow_color=&#8221;rgba(24,23,38,0.7)&#8221; global_colors_info=&#8221;{}&#8221;][et_pb_image src=&#8221;https:\/\/www.sydere.polito.it\/wp-content\/uploads\/2023\/03\/sydere-website-heritage-banner.png&#8221; title_text=&#8221;sydere-website-heritage-banner&#8221; _builder_version=&#8221;4.20.0&#8243; _module_preset=&#8221;default&#8221; global_colors_info=&#8221;{}&#8221;][\/et_pb_image][\/et_pb_column_inner][\/et_pb_row_inner][\/et_pb_column][\/et_pb_section][et_pb_section fb_built=&#8221;1&#8243; admin_label=&#8221;About&#8221; _builder_version=&#8221;4.20.0&#8243; background_color=&#8221;#ff7701&#8243; global_colors_info=&#8221;{}&#8221; da_is_popup=&#8221;off&#8221; da_exit_intent=&#8221;off&#8221; da_has_close=&#8221;on&#8221; da_alt_close=&#8221;off&#8221; da_dark_close=&#8221;off&#8221; da_not_modal=&#8221;on&#8221; da_is_singular=&#8221;off&#8221; da_with_loader=&#8221;off&#8221; da_has_shadow=&#8221;on&#8221; da_disable_devices=&#8221;off|off|off&#8221;][et_pb_row column_structure=&#8221;1_2,1_2&#8243; _builder_version=&#8221;4.16&#8243; locked=&#8221;off&#8221; global_colors_info=&#8221;{}&#8221;][et_pb_column type=&#8221;1_2&#8243; _builder_version=&#8221;4.16&#8243; global_colors_info=&#8221;{}&#8221;][et_pb_text _builder_version=&#8221;4.20.0&#8243; header_2_font=&#8221;Roboto Condensed|700||on|||||&#8221; header_2_font_size=&#8221;12px&#8221; header_2_letter_spacing=&#8221;3px&#8221; custom_margin=&#8221;||10px||false|false&#8221; locked=&#8221;off&#8221; global_colors_info=&#8221;{}&#8221;]<\/p>\n<h2><span style=\"color: #000000\">\u2014 team<\/span><\/h2>\n<p>[\/et_pb_text][et_pb_text _builder_version=&#8221;4.20.0&#8243; header_2_font=&#8221;Roboto Condensed|700||on|||||&#8221; header_2_font_size=&#8221;80px&#8221; header_2_line_height=&#8221;1.1em&#8221; animation_style=&#8221;fade&#8221; header_2_font_size_tablet=&#8221;50px&#8221; header_2_font_size_phone=&#8221;30px&#8221; header_2_font_size_last_edited=&#8221;on|phone&#8221; locked=&#8221;off&#8221; global_colors_info=&#8221;{}&#8221;]<\/p>\n<h2><span style=\"color: #000000\">obiettivi del team e dei progetti<\/span><\/h2>\n<p>[\/et_pb_text][\/et_pb_column][et_pb_column type=&#8221;1_2&#8243; _builder_version=&#8221;4.16&#8243; global_colors_info=&#8221;{}&#8221;][et_pb_text _builder_version=&#8221;4.20.4&#8243; text_font=&#8221;Poppins||||||||&#8221; text_text_color=&#8221;#000000&#8243; text_font_size=&#8221;18px&#8221; text_line_height=&#8221;2em&#8221; link_font=&#8221;||||on||||&#8221; link_text_color=&#8221;#fc3f3f&#8221; background_color=&#8221;RGBA(255,255,255,0)&#8221; custom_margin=&#8221;|||0px|false|false&#8221; custom_padding=&#8221;0px|||20px|false|false&#8221; animation_style=&#8221;fold&#8221; animation_duration=&#8221;1050ms&#8221; animation_delay=&#8221;250ms&#8221; text_font_size_tablet=&#8221;15px&#8221; text_font_size_phone=&#8221;14px&#8221; text_font_size_last_edited=&#8221;on|phone&#8221; border_width_left=&#8221;10px&#8221; border_color_left=&#8221;#000000&#8243; locked=&#8221;off&#8221; global_colors_info=&#8221;{}&#8221;]<\/p>\n<p>A partire dalla legislazione italiana (art. 9 della Costituzione italiana, artt. 6 e 112 del Codice dei Beni Culturali e del Paesaggio, Decreto Legislativo 22 gennaio 2004, n. 42), Sydere Heritage mira alla valorizzazione del territorio, inteso nella sua identit\u00e0 di contesto e sistema culturale complesso (con riferimento all'etimologia latina di complexus, cio\u00e8 ci\u00f2 che \u201c\u00e8 tessuto insieme\u201d), secondo quanto indicato dall'Agenda 2030 per lo Sviluppo Sostenibile - OSS\/SDGs, Sustainable Development Goals.<\/p>\n<p>[\/et_pb_text][\/et_pb_column][\/et_pb_row][\/et_pb_section][et_pb_section fb_built=&#8221;1&#8243; _builder_version=&#8221;4.20.0&#8243; _module_preset=&#8221;default&#8221; global_colors_info=&#8221;{}&#8221; da_is_popup=&#8221;off&#8221; da_exit_intent=&#8221;off&#8221; da_has_close=&#8221;on&#8221; da_alt_close=&#8221;off&#8221; da_dark_close=&#8221;off&#8221; da_not_modal=&#8221;on&#8221; da_is_singular=&#8221;off&#8221; da_with_loader=&#8221;off&#8221; da_has_shadow=&#8221;on&#8221; da_disable_devices=&#8221;off|off|off&#8221;][et_pb_row _builder_version=&#8221;4.20.0&#8243; _module_preset=&#8221;default&#8221; global_colors_info=&#8221;{}&#8221;][et_pb_column type=&#8221;4_4&#8243; _builder_version=&#8221;4.20.0&#8243; _module_preset=&#8221;default&#8221; global_colors_info=&#8221;{}&#8221;][et_pb_text _builder_version=&#8221;4.20.4&#8243; _module_preset=&#8221;default&#8221; text_font_size=&#8221;20px&#8221; global_colors_info=&#8221;{}&#8221;]<\/p>\n<p>L'Agenda 2030 rappresenta un campo innovativo nella metodologia progettuale sistemica, nel quale essa potr\u00e0 esplicarsi e sprigionare tutta la sua interdisciplinariet\u00e0. SYDERE HERITAGE ha iniziato a realizzare i suoi primi progetti perseguendo questa direzione, mirando specificamente al raggiungimento degli obiettivi:<\/p>\n<p>[\/et_pb_text][\/et_pb_column][\/et_pb_row][\/et_pb_section][et_pb_section fb_built=&#8221;1&#8243; admin_label=&#8221;Process&#8221; _builder_version=&#8221;4.20.0&#8243; background_color=&#8221;#ff7701&#8243; global_colors_info=&#8221;{}&#8221; da_is_popup=&#8221;off&#8221; da_exit_intent=&#8221;off&#8221; da_has_close=&#8221;on&#8221; da_alt_close=&#8221;off&#8221; da_dark_close=&#8221;off&#8221; da_not_modal=&#8221;on&#8221; da_is_singular=&#8221;off&#8221; da_with_loader=&#8221;off&#8221; da_has_shadow=&#8221;on&#8221; da_disable_devices=&#8221;off|off|off&#8221;][et_pb_row _builder_version=&#8221;4.16&#8243; global_colors_info=&#8221;{}&#8221;][et_pb_column type=&#8221;4_4&#8243; _builder_version=&#8221;4.16&#8243; global_colors_info=&#8221;{}&#8221;][et_pb_text _builder_version=&#8221;4.20.4&#8243; header_2_font=&#8221;Roboto Condensed|700||on|||||&#8221; header_2_font_size=&#8221;80px&#8221; header_2_line_height=&#8221;1.1em&#8221; background_layout=&#8221;dark&#8221; header_2_font_size_tablet=&#8221;50px&#8221; header_2_font_size_phone=&#8221;30px&#8221; header_2_font_size_last_edited=&#8221;on|phone&#8221; locked=&#8221;off&#8221; global_colors_info=&#8221;{}&#8221; header_2_2_font_size_phone=&#8221;30px&#8221; header_3_2_font_size_phone=&#8221;30px&#8221; header_4_2_font_size_phone=&#8221;30px&#8221; header_5_2_font_size_phone=&#8221;30px&#8221; header_6_2_font_size_phone=&#8221;30px&#8221; header_2_2_font_size_tablet=&#8221;50px&#8221; header_3_2_font_size_tablet=&#8221;50px&#8221; header_4_2_font_size_tablet=&#8221;50px&#8221; header_5_2_font_size_tablet=&#8221;50px&#8221; header_6_2_font_size_tablet=&#8221;50px&#8221; header_2_2_font_size_last_edited=&#8221;on|phone&#8221; header_3_2_font_size_last_edited=&#8221;on|phone&#8221; header_4_2_font_size_last_edited=&#8221;on|phone&#8221; header_5_2_font_size_last_edited=&#8221;on|phone&#8221; header_6_2_font_size_last_edited=&#8221;on|phone&#8221;]<\/p>\n<h2><span style=\"color: #000000;\">OBIETTIVI PRINCIPALI DELL\u2019AGENDA 2030<\/span><\/h2>\n<p>[\/et_pb_text][\/et_pb_column][\/et_pb_row][et_pb_row column_structure=&#8221;1_3,2_3&#8243; _builder_version=&#8221;4.20.4&#8243; custom_padding=&#8221;0px|||||&#8221; border_width_top=&#8221;2px&#8221; border_width_top_tablet=&#8221;0px&#8221; border_width_top_phone=&#8221;&#8221; border_width_top_last_edited=&#8221;on|tablet&#8221; border_width_left_tablet=&#8221;2px&#8221; border_width_left_phone=&#8221;&#8221; border_width_left_last_edited=&#8221;on|tablet&#8221; global_colors_info=&#8221;{}&#8221;][et_pb_column type=&#8221;1_3&#8243; _builder_version=&#8221;4.20.4&#8243; background_image=&#8221;https:\/\/www.sydere.polito.it\/wp-content\/uploads\/2023\/02\/Group-4.png&#8221; background_size=&#8221;initial&#8221; background_position=&#8221;top_left&#8221; transform_scale_tablet=&#8221;&#8221; transform_scale_phone=&#8221;&#8221; transform_scale_last_edited=&#8221;on|tablet&#8221; transform_translate=&#8221;0px|-10px&#8221; transform_translate_tablet=&#8221;-10px|0px&#8221; transform_translate_phone=&#8221;&#8221; transform_translate_last_edited=&#8221;on|tablet&#8221; transform_translate_linked=&#8221;off&#8221; transform_translate_linked_tablet=&#8221;off&#8221; transform_rotate_tablet=&#8221;&#8221; transform_rotate_phone=&#8221;&#8221; transform_rotate_last_edited=&#8221;on|phone&#8221; transform_skew_tablet=&#8221;&#8221; transform_skew_phone=&#8221;&#8221; transform_skew_last_edited=&#8221;on|phone&#8221; transform_origin_tablet=&#8221;&#8221; transform_origin_phone=&#8221;&#8221; transform_origin_last_edited=&#8221;on|phone&#8221; transform_styles_last_edited=&#8221;on|tablet&#8221; custom_padding=&#8221;40px||||false|false&#8221; custom_padding_tablet=&#8221;0px|||40px|false|false&#8221; custom_padding_phone=&#8221;&#8221; custom_padding_last_edited=&#8221;on|desktop&#8221; animation_style=&#8221;fold&#8221; animation_delay=&#8221;50ms&#8221; transform_styles_tablet=&#8221;&#8221; transform_styles_phone=&#8221;&#8221; global_colors_info=&#8221;{}&#8221;][et_pb_text _builder_version=&#8221;4.20.0&#8243; text_font=&#8221;Roboto Condensed|700|||||||&#8221; text_text_color=&#8221;#000000&#8243; text_font_size=&#8221;88px&#8221; text_line_height=&#8221;1em&#8221; custom_margin=&#8221;||10px||false|false&#8221; global_colors_info=&#8221;{}&#8221;]<\/p>\n<p>#17<\/p>\n<p>[\/et_pb_text][et_pb_text _builder_version=&#8221;4.20.0&#8243; _module_preset=&#8221;default&#8221; text_font=&#8221;Roboto Condensed||||||||&#8221; text_font_size=&#8221;24px&#8221; header_font=&#8221;|||on|||||&#8221; header_text_color=&#8221;#000000&#8243; header_3_font=&#8221;Roboto Condensed||||||||&#8221; header_3_text_color=&#8221;#000000&#8243; header_3_font_size=&#8221;25px&#8221; global_colors_info=&#8221;{}&#8221;]<\/p>\n<p><strong>PARTNERSHIP PER GLI OBIETTIVI<\/strong><\/p>\n<p>[\/et_pb_text][et_pb_text _builder_version=&#8221;4.20.4&#8243; text_font=&#8221;|700|||||||&#8221; text_text_color=&#8221;rgba(0,0,0,0.8)&#8221; text_line_height=&#8221;1.8em&#8221; locked=&#8221;off&#8221; global_colors_info=&#8221;{}&#8221;]<\/p>\n<p>Favorire e potenziare i partenariati tra Agenzie Nazionali e Internazionali, Autorit\u00e0 Pubbliche, Think Tank, ONG e Imprese (progettazione sistemica e progettazione per i territori).<\/p>\n<p>[\/et_pb_text][\/et_pb_column][et_pb_column type=&#8221;2_3&#8243; _builder_version=&#8221;4.20.4&#8243; background_image=&#8221;https:\/\/www.sydere.polito.it\/wp-content\/uploads\/2023\/02\/Group-4.png&#8221; background_size=&#8221;initial&#8221; background_position=&#8221;top_left&#8221; transform_scale_tablet=&#8221;&#8221; transform_scale_phone=&#8221;&#8221; transform_scale_last_edited=&#8221;on|tablet&#8221; transform_translate=&#8221;0px|-10px&#8221; transform_translate_tablet=&#8221;-10px|0px&#8221; transform_translate_phone=&#8221;&#8221; transform_translate_last_edited=&#8221;on|tablet&#8221; transform_translate_linked=&#8221;off&#8221; transform_translate_linked_tablet=&#8221;off&#8221; transform_rotate_tablet=&#8221;&#8221; transform_rotate_phone=&#8221;&#8221; transform_rotate_last_edited=&#8221;on|phone&#8221; transform_skew_tablet=&#8221;&#8221; transform_skew_phone=&#8221;&#8221; transform_skew_last_edited=&#8221;on|phone&#8221; transform_origin_tablet=&#8221;&#8221; transform_origin_phone=&#8221;&#8221; transform_origin_last_edited=&#8221;on|phone&#8221; transform_styles_last_edited=&#8221;on|tablet&#8221; custom_padding=&#8221;40px||||false|false&#8221; custom_padding_tablet=&#8221;0px|||40px|false|false&#8221; custom_padding_phone=&#8221;&#8221; custom_padding_last_edited=&#8221;on|desktop&#8221; animation_style=&#8221;fold&#8221; animation_delay=&#8221;100ms&#8221; transform_styles_tablet=&#8221;&#8221; transform_styles_phone=&#8221;&#8221; global_colors_info=&#8221;{}&#8221;][et_pb_text _builder_version=&#8221;4.20.0&#8243; text_font=&#8221;Roboto Condensed|700|||||||&#8221; text_text_color=&#8221;#000000&#8243; text_font_size=&#8221;88px&#8221; text_line_height=&#8221;1em&#8221; custom_margin=&#8221;||10px||false|false&#8221; global_colors_info=&#8221;{}&#8221;]<\/p>\n<p>#14 | #15\u00a0<\/p>\n<p>[\/et_pb_text][et_pb_text _builder_version=&#8221;4.20.0&#8243; _module_preset=&#8221;default&#8221; text_font=&#8221;Roboto Condensed||||||||&#8221; text_font_size=&#8221;24px&#8221; header_font=&#8221;|||on|||||&#8221; header_text_color=&#8221;#000000&#8243; header_3_font=&#8221;Roboto Condensed||||||||&#8221; header_3_text_color=&#8221;#000000&#8243; header_3_font_size=&#8221;25px&#8221; global_colors_info=&#8221;{}&#8221;]<\/p>\n<h3><strong>VITA SOTT'ACQUA, VITA SULLA TERRAFERMA<\/strong><\/h3>\n<p>[\/et_pb_text][et_pb_text _builder_version=&#8221;4.20.4&#8243; text_font=&#8221;|700|||||||&#8221; text_text_color=&#8221;rgba(0,0,0,0.8)&#8221; text_line_height=&#8221;1.8em&#8221; locked=&#8221;off&#8221; global_colors_info=&#8221;{}&#8221;]<\/p>\n<p>Dare forma al tema della sostenibilit\u00e0 in tutte le sue sfaccettature (istituzionale, ambientale, economica e sociale) verso la salvaguardia della vita in ambito marino e marittimo attraverso progetti di design sistemico per la valorizzazione del sistema dei fari italiani.<\/p>\n<p>[\/et_pb_text][\/et_pb_column][\/et_pb_row][\/et_pb_section][et_pb_section fb_built=&#8221;1&#8243; admin_label=&#8221;Call To Action&#8221; _builder_version=&#8221;4.20.0&#8243; background_color=&#8221;RGBA(255,255,255,0)&#8221; z_index=&#8221;10&#8243; custom_margin=&#8221;||||false|false&#8221; custom_padding=&#8221;6vw||8vw||false|false&#8221; locked=&#8221;off&#8221; global_colors_info=&#8221;{}&#8221; da_is_popup=&#8221;off&#8221; da_exit_intent=&#8221;off&#8221; da_has_close=&#8221;on&#8221; da_alt_close=&#8221;off&#8221; da_dark_close=&#8221;off&#8221; da_not_modal=&#8221;on&#8221; da_is_singular=&#8221;off&#8221; da_with_loader=&#8221;off&#8221; da_has_shadow=&#8221;on&#8221; da_disable_devices=&#8221;off|off|off&#8221;][et_pb_row _builder_version=&#8221;4.20.4&#8243; animation_style=&#8221;fade&#8221; global_colors_info=&#8221;{}&#8221;][et_pb_column type=&#8221;4_4&#8243; _builder_version=&#8221;4.16&#8243; global_colors_info=&#8221;{}&#8221;][et_pb_text _builder_version=&#8221;4.20.4&#8243; header_font_size=&#8221;20px&#8221; header_2_font=&#8221;Roboto Condensed|700||on|||||&#8221; header_2_font_size=&#8221;65px&#8221; header_2_line_height=&#8221;1.1em&#8221; background_layout=&#8221;dark&#8221; header_2_font_size_tablet=&#8221;50px&#8221; header_2_font_size_phone=&#8221;30px&#8221; header_2_font_size_last_edited=&#8221;on|phone&#8221; global_colors_info=&#8221;{}&#8221; header_2_2_font_size_phone=&#8221;30px&#8221; header_3_2_font_size_phone=&#8221;30px&#8221; header_4_2_font_size_phone=&#8221;30px&#8221; header_5_2_font_size_phone=&#8221;30px&#8221; header_6_2_font_size_phone=&#8221;30px&#8221; header_2_2_font_size_tablet=&#8221;50px&#8221; header_3_2_font_size_tablet=&#8221;50px&#8221; header_4_2_font_size_tablet=&#8221;50px&#8221; header_5_2_font_size_tablet=&#8221;50px&#8221; header_6_2_font_size_tablet=&#8221;50px&#8221; header_2_2_font_size_last_edited=&#8221;on|phone&#8221; header_3_2_font_size_last_edited=&#8221;on|phone&#8221; header_4_2_font_size_last_edited=&#8221;on|phone&#8221; header_5_2_font_size_last_edited=&#8221;on|phone&#8221; header_6_2_font_size_last_edited=&#8221;on|phone&#8221;]<\/p>\n<h2><span style=\"color: #000000;\">Puntiamo ad un impatto strategico e ad una crescita  consapevole dei territori<\/span><\/h2>\n<p>[\/et_pb_text][\/et_pb_column][\/et_pb_row][et_pb_row column_structure=&#8221;3_4,1_4&#8243; _builder_version=&#8221;4.20.4&#8243; animation_style=&#8221;fade&#8221; animation_delay=&#8221;100ms&#8221; global_colors_info=&#8221;{}&#8221;][et_pb_column type=&#8221;3_4&#8243; _builder_version=&#8221;4.16&#8243; global_colors_info=&#8221;{}&#8221;][et_pb_text _builder_version=&#8221;4.20.4&#8243; text_font=&#8221;|700|||||||&#8221; text_text_color=&#8221;rgba(0,0,0,0.8)&#8221; text_line_height=&#8221;1.8em&#8221; locked=&#8221;off&#8221; global_colors_info=&#8221;{}&#8221;]<\/p>\n<p>Grazie al contributo di SYDERE HERITAGE, il raggiungimento di questi tre obiettivi generer\u00e0 un impatto significativo, consolidato e strategico, favorendo una crescita reciproca e consapevole dei territori coinvolti. Questo percorso si inserisce in un contesto temporale particolarmente rilevante: il decennio 2021-2030, che le Nazioni Unite hanno dedicato alla salvaguardia e allo sviluppo sostenibile del mare, degli oceani e dei territori costieri, nell'ambito della United Nations Decade of Ocean Science for Sustainable Development (2021-2030).<\/p>\n<p>[\/et_pb_text][\/et_pb_column][et_pb_column type=&#8221;1_4&#8243; _builder_version=&#8221;4.16&#8243; global_colors_info=&#8221;{}&#8221;][et_pb_button button_url=&#8221;mailto:%20sydere@polito.it&#8221; button_text=&#8221;Start a Project&#8221; button_alignment=&#8221;right&#8221; disabled_on=&#8221;off|off|off&#8221; module_id=&#8221;#contacts2&#8243; _builder_version=&#8221;4.20.4&#8243; custom_button=&#8221;on&#8221; button_text_size=&#8221;14px&#8221; button_text_color=&#8221;#ffffff&#8221; button_bg_color=&#8221;#000000&#8243; button_border_width=&#8221;0px&#8221; button_border_radius=&#8221;0px&#8221; button_letter_spacing=&#8221;2px&#8221; button_font=&#8221;Roboto Condensed|700||on|||||&#8221; button_icon=&#8221;&#x24;||divi||400&#8243; button_on_hover=&#8221;off&#8221; custom_padding=&#8221;16px|36px|16px|22px|true|false&#8221; locked=&#8221;off&#8221; global_colors_info=&#8221;{}&#8221; custom_padding__hover=&#8221;|40px||26px|true|false&#8221; custom_padding__hover_enabled=&#8221;on|hover&#8221;][\/et_pb_button][\/et_pb_column][\/et_pb_row][\/et_pb_section]<\/p>","protected":false},"excerpt":{"rendered":"<p>\u2014 LABORATORYSYDERE heritageIt is a branch of the Sydere Center that approaches aspects of design for cultural heritage in an innovative and systemic way. Starting from the considered asset and the territory it implements strategies for enhancement and involving local actors. The lab, analyzes the growing role of technologies such as blockchain and artificial intelligence [&hellip;]<\/p>","protected":false},"author":1,"featured_media":0,"parent":0,"menu_order":0,"comment_status":"closed","ping_status":"closed","template":"","meta":{"_et_pb_use_builder":"on","_et_pb_old_content":"","_et_gb_content_width":"","_monsterinsights_skip_tracking":false,"_monsterinsights_sitenote_active":false,"_monsterinsights_sitenote_note":"","_monsterinsights_sitenote_category":0,"footnotes":""},"class_list":["post-121","page","type-page","status-publish","hentry"],"_links":{"self":[{"href":"https:\/\/sydere.polito.it\/it\/wp-json\/wp\/v2\/pages\/121","targetHints":{"allow":["GET"]}}],"collection":[{"href":"https:\/\/sydere.polito.it\/it\/wp-json\/wp\/v2\/pages"}],"about":[{"href":"https:\/\/sydere.polito.it\/it\/wp-json\/wp\/v2\/types\/page"}],"author":[{"embeddable":true,"href":"https:\/\/sydere.polito.it\/it\/wp-json\/wp\/v2\/users\/1"}],"replies":[{"embeddable":true,"href":"https:\/\/sydere.polito.it\/it\/wp-json\/wp\/v2\/comments?post=121"}],"version-history":[{"count":26,"href":"https:\/\/sydere.polito.it\/it\/wp-json\/wp\/v2\/pages\/121\/revisions"}],"predecessor-version":[{"id":697,"href":"https:\/\/sydere.polito.it\/it\/wp-json\/wp\/v2\/pages\/121\/revisions\/697"}],"wp:attachment":[{"href":"https:\/\/sydere.polito.it\/it\/wp-json\/wp\/v2\/media?parent=121"}],"curies":[{"name":"wp","href":"https:\/\/api.w.org\/{rel}","templated":true}]}}